{"id":1560,"date":"2022-11-09T14:39:26","date_gmt":"2022-11-09T17:39:26","guid":{"rendered":"https:\/\/silkeymundial.com\/pro\/?page_id=1560"},"modified":"2022-11-15T16:36:57","modified_gmt":"2022-11-15T19:36:57","slug":"rulos-disciplinados","status":"publish","type":"page","link":"https:\/\/silkeymundial.com\/pro\/rulos-disciplinados\/","title":{"rendered":"Rulos Disciplinados"},"content":{"rendered":"\t\t<div data-elementor-type=\"wp-page\" data-elementor-id=\"1560\" class=\"elementor elementor-1560\">\n\t\t\t\t\t\t<section class=\"elementor-section elementor-top-section elementor-element elementor-element-d839e24 elementor-section-full_width elementor-section-height-min-height elementor-section-height-default elementor-section-items-middle\" data-id=\"d839e24\" data-element_type=\"section\" data-e-type=\"section\">\n\t\t\t\t\t\t<div class=\"elementor-container elementor-column-gap-no\">\n\t\t\t\t\t<div class=\"elementor-column elementor-col-100 elementor-top-column elementor-element elementor-element-600911e\" data-id=\"600911e\" data-element_type=\"column\" data-e-type=\"column\">\n\t\t\t<div class=\"elementor-widget-wrap elementor-element-populated\">\n\t\t\t\t\t\t<div class=\"elementor-element elementor-element-0f0d4e2 premium-vscroll-nav-dots-yes elementor-widget elementor-widget-premium-vscroll\" data-id=\"0f0d4e2\" data-element_type=\"widget\" data-e-type=\"widget\" data-widget_type=\"premium-vscroll.default\">\n\t\t\t\t<div class=\"elementor-widget-container\">\n\t\t\t\t\t\n\t\t<div class=\"premium-vscroll-wrap\" id=\"premium-vscroll-wrap-0f0d4e2\" data-settings=\"{&quot;id&quot;:&quot;0f0d4e2&quot;,&quot;speed&quot;:700,&quot;offset&quot;:0,&quot;tooltips&quot;:false,&quot;dotsText&quot;:[&quot;&quot;],&quot;dotsPos&quot;:&quot;right&quot;,&quot;dotsVPos&quot;:&quot;middle&quot;,&quot;fullSection&quot;:true,&quot;fullTouch&quot;:false,&quot;fullCheckOverflow&quot;:true,&quot;addToHistory&quot;:true,&quot;animation&quot;:&quot;&quot;,&quot;duration&quot;:null}\">\n\t\t\t\t\t\t<div class=\"premium-vscroll-inner\" id=\"premium-vscroll-0f0d4e2\">\n\t\t\t\t<div class=\"premium-vscroll-dots premium-vscroll-dots-hide right middle circ\">\n\t\t\t\t\t<ul class=\"premium-vscroll-dots-list\">\n\t\t\t\t\t\t\t\t\t\t\t\t\t<li data-index=\"0\" data-menuanchor=\"section_0f0d4e20\" class=\"premium-vscroll-dot-item\">\n\t\t\t\t\t\t\t\t<div class=\"premium-vscroll-nav-link\"><span><\/span><\/div>\n\t\t\t\t\t\t\t<\/li>\n\t\t\t\t\t\t\t\t\t\t\t<\/ul>\n\t\t\t\t<\/div>\n\t\t\t\t\t\t\t\t\t<div class=\"premium-vscroll-sections-wrap\" id=\"premium-vscroll-sections-wrap-0f0d4e2\">\n\n\t\t\t\t\t\t\t\t\t\t\t\t\t<div id=\"section_0f0d4e20\" class=\"premium-vscroll-temp premium-vscroll-temp-0f0d4e2\">\n\t\t\t\t\t\t\t\t<style>.elementor-1562 .elementor-element.elementor-element-c02608f > .elementor-container{min-height:100vh;}.elementor-1562 .elementor-element.elementor-element-c02608f > .elementor-container > .elementor-column > .elementor-widget-wrap{align-content:flex-start;align-items:flex-start;}.elementor-1562 .elementor-element.elementor-element-c02608f{transition:background 0.3s, border 0.3s, border-radius 0.3s, box-shadow 0.3s;margin-top:0px;margin-bottom:0px;padding:0px 0px 0px 0px;}.elementor-1562 .elementor-element.elementor-element-c02608f > .elementor-background-overlay{transition:background 0.3s, border-radius 0.3s, opacity 0.3s;}.elementor-1562 .elementor-element.elementor-element-152fa8a > .elementor-element-populated{margin:0px 0px 0px 0px;--e-column-margin-right:0px;--e-column-margin-left:0px;padding:0px 0px 0px 0px;}.elementor-1562 .elementor-element.elementor-element-027dce2 > .elementor-container{min-height:100vh;}.elementor-1562 .elementor-element.elementor-element-027dce2{margin-top:0px;margin-bottom:0px;padding:0px 0px 0px 0px;}.elementor-bc-flex-widget .elementor-1562 .elementor-element.elementor-element-576f4ef.elementor-column .elementor-widget-wrap{align-items:center;}.elementor-1562 .elementor-element.elementor-element-576f4ef.elementor-column.elementor-element[data-element_type=\"column\"] > .elementor-widget-wrap.elementor-element-populated{align-content:center;align-items:center;}.elementor-1562 .elementor-element.elementor-element-576f4ef:not(.elementor-motion-effects-element-type-background) > .elementor-widget-wrap, .elementor-1562 .elementor-element.elementor-element-576f4ef > .elementor-widget-wrap > .elementor-motion-effects-container > .elementor-motion-effects-layer{background-color:#FFFFFF;}.elementor-1562 .elementor-element.elementor-element-576f4ef > .elementor-element-populated{transition:background 0.3s, border 0.3s, border-radius 0.3s, box-shadow 0.3s;margin:0px 0px 0px 0px;--e-column-margin-right:0px;--e-column-margin-left:0px;padding:0px 0px 0px 0px;}.elementor-1562 .elementor-element.elementor-element-576f4ef > .elementor-element-populated > .elementor-background-overlay{transition:background 0.3s, border-radius 0.3s, opacity 0.3s;}.elementor-1562 .elementor-element.elementor-element-b41acf5{text-align:center;}.elementor-1562 .elementor-element.elementor-element-b41acf5 .elementor-heading-title{font-family:\"Montserrat\", Sans-serif;font-size:36px;font-weight:200;font-style:italic;color:#000000;}.elementor-1562 .elementor-element.elementor-element-b41acf5 > .elementor-widget-container{margin:0px 0px 0px 0px;padding:0px 0px 0px 0px;}.elementor-1562 .elementor-element.elementor-element-e7901e0{text-align:center;}.elementor-1562 .elementor-element.elementor-element-e7901e0 .elementor-heading-title{font-family:\"Montserrat\", Sans-serif;font-size:32px;font-weight:500;color:#000000;}.elementor-1562 .elementor-element.elementor-element-e7901e0 > .elementor-widget-container{margin:0px 20px 0px 20px;padding:0px 0px 0px 0px;}.elementor-1562 .elementor-element.elementor-element-62ce566 > .elementor-widget-container{margin:0px 0px 0px 0px;padding:0px 0px 0px 0px;}.elementor-1562 .elementor-element.elementor-element-6998b7d{text-align:center;}.elementor-1562 .elementor-element.elementor-element-6998b7d .elementor-heading-title{font-family:\"Montserrat\", Sans-serif;font-size:16px;font-weight:500;color:#000000;}.elementor-1562 .elementor-element.elementor-element-6998b7d > .elementor-widget-container{margin:0px 20px 0px 20px;padding:0px 0px 0px 0px;}.elementor-bc-flex-widget .elementor-1562 .elementor-element.elementor-element-a6ee894.elementor-column .elementor-widget-wrap{align-items:center;}.elementor-1562 .elementor-element.elementor-element-a6ee894.elementor-column.elementor-element[data-element_type=\"column\"] > .elementor-widget-wrap.elementor-element-populated{align-content:center;align-items:center;}.elementor-1562 .elementor-element.elementor-element-a6ee894:not(.elementor-motion-effects-element-type-background) > .elementor-widget-wrap, .elementor-1562 .elementor-element.elementor-element-a6ee894 > .elementor-widget-wrap > .elementor-motion-effects-container > .elementor-motion-effects-layer{background-color:#FFFFFF;background-image:url(\"https:\/\/silkeymundial.com\/pro\/wp-content\/uploads\/2022\/11\/img-rulos.jpg\");background-position:bottom center;background-repeat:no-repeat;background-size:cover;}.elementor-1562 .elementor-element.elementor-element-a6ee894 > .elementor-element-populated{transition:background 0.3s, border 0.3s, border-radius 0.3s, box-shadow 0.3s;margin:0px 0px 0px 0px;--e-column-margin-right:0px;--e-column-margin-left:0px;padding:0px 0px 0px 0px;}.elementor-1562 .elementor-element.elementor-element-a6ee894 > .elementor-element-populated > .elementor-background-overlay{transition:background 0.3s, border-radius 0.3s, opacity 0.3s;}:root{--page-title-display:none;}@media(min-width:1025px){.elementor-1562 .elementor-element.elementor-element-a6ee894:not(.elementor-motion-effects-element-type-background) > .elementor-widget-wrap, .elementor-1562 .elementor-element.elementor-element-a6ee894 > .elementor-widget-wrap > .elementor-motion-effects-container > .elementor-motion-effects-layer{background-attachment:scroll;}}@media(max-width:767px){.elementor-1562 .elementor-element.elementor-element-027dce2 > .elementor-container{min-height:100vh;}.elementor-1562 .elementor-element.elementor-element-b41acf5 .elementor-heading-title{font-size:24px;}.elementor-1562 .elementor-element.elementor-element-b41acf5 > .elementor-widget-container{margin:10px 0px 0px 0px;}.elementor-1562 .elementor-element.elementor-element-e7901e0 .elementor-heading-title{font-size:22px;}.elementor-1562 .elementor-element.elementor-element-e7901e0 > .elementor-widget-container{margin:0px 20px 0px 20px;}.elementor-1562 .elementor-element.elementor-element-62ce566 > .elementor-widget-container{margin:0px 0px 20px 0px;padding:0px 0px 0px 0px;}.elementor-1562 .elementor-element.elementor-element-6998b7d .elementor-heading-title{font-size:18px;}.elementor-1562 .elementor-element.elementor-element-6998b7d > .elementor-widget-container{margin:0px 20px 20px 20px;}.elementor-1562 .elementor-element.elementor-element-a6ee894 > .elementor-element-populated{margin:0px 0px 0px 0px;--e-column-margin-right:0px;--e-column-margin-left:0px;}}<\/style>\t\t<div data-elementor-type=\"page\" data-elementor-id=\"1562\" class=\"elementor elementor-1562\">\n\t\t\t\t\t\t<section class=\"elementor-section elementor-top-section elementor-element elementor-element-c02608f elementor-section-full_width elementor-section-height-min-height elementor-section-content-top elementor-section-height-default elementor-section-items-middle\" data-id=\"c02608f\" data-element_type=\"section\" data-e-type=\"section\" data-settings=\"{&quot;background_background&quot;:&quot;classic&quot;}\">\n\t\t\t\t\t\t<div class=\"elementor-container elementor-column-gap-no\">\n\t\t\t\t\t<div class=\"elementor-column elementor-col-100 elementor-top-column elementor-element elementor-element-152fa8a\" data-id=\"152fa8a\" data-element_type=\"column\" data-e-type=\"column\">\n\t\t\t<div class=\"elementor-widget-wrap elementor-element-populated\">\n\t\t\t\t\t\t<section class=\"elementor-section elementor-inner-section elementor-element elementor-element-027dce2 elementor-section-full_width elementor-section-height-min-height elementor-reverse-tablet elementor-reverse-mobile elementor-section-height-default\" data-id=\"027dce2\" data-element_type=\"section\" data-e-type=\"section\">\n\t\t\t\t\t\t<div class=\"elementor-container elementor-column-gap-no\">\n\t\t\t\t\t<div class=\"elementor-column elementor-col-50 elementor-inner-column elementor-element elementor-element-576f4ef\" data-id=\"576f4ef\" data-element_type=\"column\" data-e-type=\"column\" data-settings=\"{&quot;background_background&quot;:&quot;classic&quot;}\">\n\t\t\t<div class=\"elementor-widget-wrap elementor-element-populated\">\n\t\t\t\t\t\t<div class=\"elementor-element elementor-element-b41acf5 elementor-invisible elementor-widget elementor-widget-heading\" data-id=\"b41acf5\" data-element_type=\"widget\" data-e-type=\"widget\" data-settings=\"{&quot;_animation&quot;:&quot;fadeInDown&quot;}\" data-widget_type=\"heading.default\">\n\t\t\t\t<div class=\"elementor-widget-container\">\n\t\t\t\t\t<h2 class=\"elementor-heading-title elementor-size-default\">#rulosdisciplinados\u200b<\/h2>\t\t\t\t<\/div>\n\t\t\t\t<\/div>\n\t\t\t\t<div class=\"elementor-element elementor-element-e7901e0 elementor-invisible elementor-widget elementor-widget-heading\" data-id=\"e7901e0\" data-element_type=\"widget\" data-e-type=\"widget\" data-settings=\"{&quot;_animation&quot;:&quot;fadeInDown&quot;}\" data-widget_type=\"heading.default\">\n\t\t\t\t<div class=\"elementor-widget-container\">\n\t\t\t\t\t<h2 class=\"elementor-heading-title elementor-size-default\">EASY CURL<br><b>MODELA DEFINE SOSTIENE<\/b><br>\nFijaci\u00f3n suave. F\u00f3rmula sin alcohol.<\/h2>\t\t\t\t<\/div>\n\t\t\t\t<\/div>\n\t\t\t\t<div class=\"elementor-element elementor-element-62ce566 elementor-invisible elementor-widget elementor-widget-image\" data-id=\"62ce566\" data-element_type=\"widget\" data-e-type=\"widget\" data-settings=\"{&quot;_animation&quot;:&quot;fadeInUp&quot;}\" data-widget_type=\"image.default\">\n\t\t\t\t<div class=\"elementor-widget-container\">\n\t\t\t\t\t\t\t\t\t\t\t\t\t\t\t<img decoding=\"async\" src=\"https:\/\/silkeymundial.com\/pro\/wp-content\/uploads\/elementor\/thumbs\/producto-easy-curl2-pxrhm8obf8k0wvg9tyk44ivjuhybaxeaeau0nt879y.jpg\" title=\"producto-easy-curl2\" alt=\"producto-easy-curl2\" loading=\"lazy\" \/>\t\t\t\t\t\t\t\t\t\t\t\t\t\t\t<\/div>\n\t\t\t\t<\/div>\n\t\t\t\t<div class=\"elementor-element elementor-element-6998b7d elementor-invisible elementor-widget elementor-widget-heading\" data-id=\"6998b7d\" data-element_type=\"widget\" data-e-type=\"widget\" data-settings=\"{&quot;_animation&quot;:&quot;fadeInUp&quot;}\" data-widget_type=\"heading.default\">\n\t\t\t\t<div class=\"elementor-widget-container\">\n\t\t\t\t\t<h2 class=\"elementor-heading-title elementor-size-default\">Otorga definici\u00f3n y sost\u00e9n al rulo al mismo tiempo que lo nutre, gracias a su f\u00f3rmula enriquecida con Col\u00e1geno y Elastina.\nSu innovadora f\u00f3rmula desarrollada con el sistema FLEXI-FIX incorpora pol\u00edmeros de sujeci\u00f3n y brillo.\n<br><br><b>Claves de aplicaci\u00f3n<br><\/b>\nAgitar el envase suavemente antes de usar y \n aplicar sobre el cabello h\u00famedo, \nespecialmente all\u00ed donde resulte dif\u00edcil peinar. No requiere enjuague.<\/h2>\t\t\t\t<\/div>\n\t\t\t\t<\/div>\n\t\t\t\t\t<\/div>\n\t\t<\/div>\n\t\t\t\t<div class=\"elementor-column elementor-col-50 elementor-inner-column elementor-element elementor-element-a6ee894 elementor-invisible\" data-id=\"a6ee894\" data-element_type=\"column\" data-e-type=\"column\" data-settings=\"{&quot;background_background&quot;:&quot;classic&quot;,&quot;animation&quot;:&quot;fadeInLeft&quot;}\">\n\t\t\t<div class=\"elementor-widget-wrap elementor-element-populated\">\n\t\t\t\t\t\t<div class=\"elementor-element elementor-element-60a9dad elementor-widget elementor-widget-image\" data-id=\"60a9dad\" data-element_type=\"widget\" data-e-type=\"widget\" data-widget_type=\"image.default\">\n\t\t\t\t<div class=\"elementor-widget-container\">\n\t\t\t\t\t\t\t\t\t\t\t\t\t\t\t<img fetchpriority=\"high\" decoding=\"async\" width=\"500\" height=\"500\" src=\"https:\/\/silkeymundial.com\/pro\/wp-content\/uploads\/2022\/09\/pix_nada_500.png\" class=\"attachment-large size-large wp-image-1101\" alt=\"\" srcset=\"https:\/\/silkeymundial.com\/pro\/wp-content\/uploads\/2022\/09\/pix_nada_500.png 500w, https:\/\/silkeymundial.com\/pro\/wp-content\/uploads\/2022\/09\/elementor\/thumbs\/pix_nada_500-pwed5kd30vy07ay5rs5rkjzybeegmsijvlfnmu7rug.png 300w, https:\/\/silkeymundial.com\/pro\/wp-content\/uploads\/2022\/09\/pix_nada_500-150x150.png 150w, https:\/\/silkeymundial.com\/pro\/wp-content\/uploads\/2022\/09\/elementor\/thumbs\/pix_nada_500-pwed5kd3mtc80b10z8lcmlf4u2i9yo4ethq8pjgdv0.png 350w\" sizes=\"(max-width: 500px) 100vw, 500px\" \/>\t\t\t\t\t\t\t\t\t\t\t\t\t\t\t<\/div>\n\t\t\t\t<\/div>\n\t\t\t\t\t<\/div>\n\t\t<\/div>\n\t\t\t\t\t<\/div>\n\t\t<\/section>\n\t\t\t\t\t<\/div>\n\t\t<\/div>\n\t\t\t\t\t<\/div>\n\t\t<\/section>\n\t\t\t\t<\/div>\n\t\t\t\t\t\t\t\t\t<\/div>\n\t\t\t\t\t\t\t\t\t\t\t<\/div>\n\t\t\t\t\t\t\t<\/div>\n\t\t<\/div>\n\n\t\t\t\t\t\t<\/div>\n\t\t\t\t<\/div>\n\t\t\t\t\t<\/div>\n\t\t<\/div>\n\t\t\t\t\t<\/div>\n\t\t<\/section>\n\t\t\t\t<\/div>\n\t\t","protected":false},"excerpt":{"rendered":"<p>#rulosdisciplinados\u200b EASY CURLMODELA DEFINE SOSTIENE Fijaci\u00f3n suave. F\u00f3rmula sin alcohol. Otorga definici\u00f3n y sost\u00e9n al rulo al mismo tiempo que&#8230;<\/p>\n","protected":false},"author":1,"featured_media":0,"parent":0,"menu_order":0,"comment_status":"closed","ping_status":"closed","template":"elementor_header_footer","meta":{"footnotes":""},"class_list":["post-1560","page","type-page","status-publish","hentry"],"post-meta":{"_elementor_edit_mode":["builder","builder","builder","builder","builder","builder"],"_elementor_template_type":["wp-page","wp-page","wp-page","wp-page","wp-page","wp-page"],"_edit_lock":["1668725054:1"],"_wp_page_template":["elementor_header_footer"],"_edit_last":["1"],"site-container":["default"],"site-header-transparent":["default"],"site-page-header":["default"],"site-sidebar":["default"],"_elementor_version":["3.8.1"],"_elementor_data":["[{\"id\":\"d839e24\",\"elType\":\"section\",\"settings\":{\"layout\":\"full_width\",\"gap\":\"no\",\"height\":\"min-height\",\"custom_height\":{\"unit\":\"vh\",\"size\":100,\"sizes\":[]},\"custom_height_tablet\":{\"unit\":\"vh\",\"size\":\"\",\"sizes\":[]},\"custom_height_mobile\":{\"unit\":\"vh\",\"size\":\"\",\"sizes\":[]},\"pa_condition_repeater\":[]},\"elements\":[{\"id\":\"600911e\",\"elType\":\"column\",\"settings\":{\"_column_size\":100,\"_inline_size\":null,\"margin\":{\"unit\":\"px\",\"top\":\"0\",\"right\":\"0\",\"bottom\":\"0\",\"left\":\"0\",\"isLinked\":false},\"padding\":{\"unit\":\"px\",\"top\":\"0\",\"right\":\"0\",\"bottom\":\"0\",\"left\":\"0\",\"isLinked\":false},\"pa_condition_repeater\":[]},\"elements\":[{\"id\":\"0f0d4e2\",\"elType\":\"widget\",\"settings\":{\"section_repeater\":[{\"section_template\":\"Rulos Disciplinados 01\",\"_id\":\"d569568\"}],\"id_repeater\":[],\"nav_menu_repeater\":[],\"pa_condition_repeater\":[],\"dots_tooltips_switcher\":\"\",\"dots_border_radius\":{\"unit\":\"px\",\"top\":\"15\",\"right\":\"15\",\"bottom\":\"15\",\"left\":\"15\",\"isLinked\":true},\"__globals__\":{\"dots_color\":\"globals\\\/colors?id=primary\",\"active_dot_color\":\"globals\\\/colors?id=text\",\"navigation_background\":\"\",\"dots_border_color\":\"\"},\"active_dot_color\":\"#000000\",\"navigation_border_radius\":{\"unit\":\"px\",\"size\":0,\"sizes\":[]},\"dots_border_color\":\"#FFFFFF\"},\"elements\":[],\"widgetType\":\"premium-vscroll\"}],\"isInner\":false}],\"isInner\":false}]"],"_elementor_page_settings":["a:2:{s:21:\"background_background\";s:7:\"classic\";s:11:\"__globals__\";a:1:{s:16:\"background_color\";s:0:\"\";}}"],"_pa_widget_elements":["a:1:{i:0;s:15:\"premium-vscroll\";}"],"_elementor_page_assets":["a:2:{s:6:\"styles\";a:1:{i:0;s:14:\"premium-addons\";}s:7:\"scripts\";a:4:{i:0;s:10:\"pa-iscroll\";i:1;s:13:\"pa-slimscroll\";i:2;s:10:\"pa-vscroll\";i:3;s:18:\"elementor-frontend\";}}"],"_elementor_css":["a:6:{s:4:\"time\";i:1775991281;s:5:\"fonts\";a:0:{}s:5:\"icons\";a:0:{}s:20:\"dynamic_elements_ids\";a:0:{}s:6:\"status\";s:4:\"file\";i:0;s:0:\"\";}"],"_elementor_element_cache":["{\"timeout\":1776066881,\"value\":{\"content\":\"\\t\\t<section class=\\\"elementor-section elementor-top-section elementor-element elementor-element-d839e24 elementor-section-full_width elementor-section-height-min-height elementor-section-height-default elementor-section-items-middle\\\" data-id=\\\"d839e24\\\" data-element_type=\\\"section\\\" data-e-type=\\\"section\\\">\\n\\t\\t\\t\\t\\t\\t<div class=\\\"elementor-container elementor-column-gap-no\\\">\\n\\t\\t\\t\\t\\t<div class=\\\"elementor-column elementor-col-100 elementor-top-column elementor-element elementor-element-600911e\\\" data-id=\\\"600911e\\\" data-element_type=\\\"column\\\" data-e-type=\\\"column\\\">\\n\\t\\t\\t<div class=\\\"elementor-widget-wrap elementor-element-populated\\\">\\n\\t\\t\\t\\t[elementor-element k=\\\"275a8f75f720364520ee6fa3a517689f\\\" data=\\\"eyJpZCI6IjBmMGQ0ZTIiLCJlbFR5cGUiOiJ3aWRnZXQiLCJzZXR0aW5ncyI6eyJzZWN0aW9uX3JlcGVhdGVyIjpbeyJzZWN0aW9uX3RlbXBsYXRlIjoiUnVsb3MgRGlzY2lwbGluYWRvcyAwMSIsIl9pZCI6ImQ1Njk1NjgifV0sImlkX3JlcGVhdGVyIjpbXSwibmF2X21lbnVfcmVwZWF0ZXIiOltdLCJwYV9jb25kaXRpb25fcmVwZWF0ZXIiOltdLCJkb3RzX3Rvb2x0aXBzX3N3aXRjaGVyIjoiIiwiZG90c19ib3JkZXJfcmFkaXVzIjp7InVuaXQiOiJweCIsInRvcCI6IjE1IiwicmlnaHQiOiIxNSIsImJvdHRvbSI6IjE1IiwibGVmdCI6IjE1IiwiaXNMaW5rZWQiOnRydWV9LCJfX2dsb2JhbHNfXyI6eyJkb3RzX2NvbG9yIjoiZ2xvYmFsc1wvY29sb3JzP2lkPXByaW1hcnkiLCJhY3RpdmVfZG90X2NvbG9yIjoiZ2xvYmFsc1wvY29sb3JzP2lkPXRleHQiLCJuYXZpZ2F0aW9uX2JhY2tncm91bmQiOiIiLCJkb3RzX2JvcmRlcl9jb2xvciI6IiJ9LCJhY3RpdmVfZG90X2NvbG9yIjoiIzAwMDAwMCIsIm5hdmlnYXRpb25fYm9yZGVyX3JhZGl1cyI6eyJ1bml0IjoicHgiLCJzaXplIjowLCJzaXplcyI6W119LCJkb3RzX2JvcmRlcl9jb2xvciI6IiNGRkZGRkYifSwiZWxlbWVudHMiOltdLCJ3aWRnZXRUeXBlIjoicHJlbWl1bS12c2Nyb2xsIn0=\\\"]\\t\\t\\t<\\\/div>\\n\\t\\t<\\\/div>\\n\\t\\t\\t\\t\\t<\\\/div>\\n\\t\\t<\\\/section>\\n\\t\\t\",\"scripts\":[],\"styles\":[]}}"]},"_links":{"self":[{"href":"https:\/\/silkeymundial.com\/pro\/wp-json\/wp\/v2\/pages\/1560","targetHints":{"allow":["GET"]}}],"collection":[{"href":"https:\/\/silkeymundial.com\/pro\/wp-json\/wp\/v2\/pages"}],"about":[{"href":"https:\/\/silkeymundial.com\/pro\/wp-json\/wp\/v2\/types\/page"}],"author":[{"embeddable":true,"href":"https:\/\/silkeymundial.com\/pro\/wp-json\/wp\/v2\/users\/1"}],"replies":[{"embeddable":true,"href":"https:\/\/silkeymundial.com\/pro\/wp-json\/wp\/v2\/comments?post=1560"}],"version-history":[{"count":13,"href":"https:\/\/silkeymundial.com\/pro\/wp-json\/wp\/v2\/pages\/1560\/revisions"}],"predecessor-version":[{"id":1800,"href":"https:\/\/silkeymundial.com\/pro\/wp-json\/wp\/v2\/pages\/1560\/revisions\/1800"}],"wp:attachment":[{"href":"https:\/\/silkeymundial.com\/pro\/wp-json\/wp\/v2\/media?parent=1560"}],"curies":[{"name":"wp","href":"https:\/\/api.w.org\/{rel}","templated":true}]}}