{"id":1364,"date":"2022-10-24T12:32:00","date_gmt":"2022-10-24T15:32:00","guid":{"rendered":"https:\/\/silkeymundial.com\/pro\/?page_id=1364"},"modified":"2022-12-06T12:04:14","modified_gmt":"2022-12-06T15:04:14","slug":"kerankaye-platinum-perfil-blonder","status":"publish","type":"page","link":"https:\/\/silkeymundial.com\/pro\/kerankaye-platinum-perfil-blonder\/","title":{"rendered":"Kerankaye PLATINUM Perfil Blonder"},"content":{"rendered":"\t\t<div data-elementor-type=\"wp-page\" data-elementor-id=\"1364\" class=\"elementor elementor-1364\">\n\t\t\t\t\t\t<section class=\"elementor-section elementor-top-section elementor-element elementor-element-d839e24 elementor-section-full_width elementor-section-height-min-height elementor-section-height-default elementor-section-items-middle\" data-id=\"d839e24\" data-element_type=\"section\" data-e-type=\"section\">\n\t\t\t\t\t\t<div class=\"elementor-container elementor-column-gap-no\">\n\t\t\t\t\t<div class=\"elementor-column elementor-col-100 elementor-top-column elementor-element elementor-element-600911e\" data-id=\"600911e\" data-element_type=\"column\" data-e-type=\"column\">\n\t\t\t<div class=\"elementor-widget-wrap elementor-element-populated\">\n\t\t\t\t\t\t<div class=\"elementor-element elementor-element-0f0d4e2 premium-vscroll-nav-dots-yes elementor-widget elementor-widget-premium-vscroll\" data-id=\"0f0d4e2\" data-element_type=\"widget\" data-e-type=\"widget\" data-widget_type=\"premium-vscroll.default\">\n\t\t\t\t<div class=\"elementor-widget-container\">\n\t\t\t\t\t\n\t\t<div class=\"premium-vscroll-wrap\" id=\"premium-vscroll-wrap-0f0d4e2\" data-settings=\"{&quot;id&quot;:&quot;0f0d4e2&quot;,&quot;speed&quot;:700,&quot;offset&quot;:0,&quot;tooltips&quot;:false,&quot;dotsText&quot;:[&quot;&quot;],&quot;dotsPos&quot;:&quot;right&quot;,&quot;dotsVPos&quot;:&quot;middle&quot;,&quot;fullSection&quot;:true,&quot;fullTouch&quot;:false,&quot;fullCheckOverflow&quot;:true,&quot;addToHistory&quot;:true,&quot;animation&quot;:&quot;&quot;,&quot;duration&quot;:null}\">\n\t\t\t\t\t\t<div class=\"premium-vscroll-inner\" id=\"premium-vscroll-0f0d4e2\">\n\t\t\t\t<div class=\"premium-vscroll-dots premium-vscroll-dots-hide right middle circ\">\n\t\t\t\t\t<ul class=\"premium-vscroll-dots-list\">\n\t\t\t\t\t\t\t\t\t\t\t\t\t<li data-index=\"0\" data-menuanchor=\"section_0f0d4e20\" class=\"premium-vscroll-dot-item\">\n\t\t\t\t\t\t\t\t<div class=\"premium-vscroll-nav-link\"><span><\/span><\/div>\n\t\t\t\t\t\t\t<\/li>\n\t\t\t\t\t\t\t\t\t\t\t\t\t<li data-index=\"1\" data-menuanchor=\"section_0f0d4e21\" class=\"premium-vscroll-dot-item\">\n\t\t\t\t\t\t\t\t<div class=\"premium-vscroll-nav-link\"><span><\/span><\/div>\n\t\t\t\t\t\t\t<\/li>\n\t\t\t\t\t\t\t\t\t\t\t<\/ul>\n\t\t\t\t<\/div>\n\t\t\t\t\t\t\t\t\t<div class=\"premium-vscroll-sections-wrap\" id=\"premium-vscroll-sections-wrap-0f0d4e2\">\n\n\t\t\t\t\t\t\t\t\t\t\t\t\t<div id=\"section_0f0d4e20\" class=\"premium-vscroll-temp premium-vscroll-temp-0f0d4e2\">\n\t\t\t\t\t\t\t\t<style>.elementor-1365 .elementor-element.elementor-element-c02608f > .elementor-container{min-height:100vh;}.elementor-1365 .elementor-element.elementor-element-c02608f > .elementor-container > .elementor-column > .elementor-widget-wrap{align-content:flex-start;align-items:flex-start;}.elementor-1365 .elementor-element.elementor-element-c02608f{margin-top:0px;margin-bottom:0px;padding:0px 0px 0px 0px;}.elementor-1365 .elementor-element.elementor-element-152fa8a > .elementor-element-populated{margin:0px 0px 0px 0px;--e-column-margin-right:0px;--e-column-margin-left:0px;padding:0px 0px 0px 0px;}.elementor-1365 .elementor-element.elementor-element-027dce2 > .elementor-container{min-height:100vh;}.elementor-1365 .elementor-element.elementor-element-027dce2{margin-top:0px;margin-bottom:0px;padding:0px 0px 0px 0px;}.elementor-bc-flex-widget .elementor-1365 .elementor-element.elementor-element-45054e8.elementor-column .elementor-widget-wrap{align-items:center;}.elementor-1365 .elementor-element.elementor-element-45054e8.elementor-column.elementor-element[data-element_type=\"column\"] > .elementor-widget-wrap.elementor-element-populated{align-content:center;align-items:center;}.elementor-1365 .elementor-element.elementor-element-45054e8:not(.elementor-motion-effects-element-type-background) > .elementor-widget-wrap, .elementor-1365 .elementor-element.elementor-element-45054e8 > .elementor-widget-wrap > .elementor-motion-effects-container > .elementor-motion-effects-layer{background-color:#FFFFFF;}.elementor-1365 .elementor-element.elementor-element-45054e8 > .elementor-element-populated{transition:background 0.3s, border 0.3s, border-radius 0.3s, box-shadow 0.3s;margin:0px 0px 0px 0px;--e-column-margin-right:0px;--e-column-margin-left:0px;padding:0px 0px 0px 0px;}.elementor-1365 .elementor-element.elementor-element-45054e8 > .elementor-element-populated > .elementor-background-overlay{transition:background 0.3s, border-radius 0.3s, opacity 0.3s;}.elementor-1365 .elementor-element.elementor-element-346e00b{text-align:center;}.elementor-1365 .elementor-element.elementor-element-346e00b .elementor-heading-title{font-family:\"Montserrat\", Sans-serif;font-size:36px;font-weight:200;font-style:italic;color:#000000;}.elementor-1365 .elementor-element.elementor-element-346e00b > .elementor-widget-container{margin:0px 0px 10px 0px;padding:0px 0px 0px 0px;}.elementor-1365 .elementor-element.elementor-element-d6f8251{text-align:center;}.elementor-1365 .elementor-element.elementor-element-d6f8251 .elementor-heading-title{font-family:\"Montserrat\", Sans-serif;font-size:32px;color:#000000;}.elementor-1365 .elementor-element.elementor-element-d6f8251 > .elementor-widget-container{margin:0px 20px 0px 20px;padding:0px 0px 0px 0px;}.elementor-1365 .elementor-element.elementor-element-afd7158 > .elementor-widget-container{margin:0px 0px 0px 0px;padding:0px 0px 0px 0px;}.elementor-bc-flex-widget .elementor-1365 .elementor-element.elementor-element-a6ee894.elementor-column .elementor-widget-wrap{align-items:center;}.elementor-1365 .elementor-element.elementor-element-a6ee894.elementor-column.elementor-element[data-element_type=\"column\"] > .elementor-widget-wrap.elementor-element-populated{align-content:center;align-items:center;}.elementor-1365 .elementor-element.elementor-element-a6ee894.elementor-column > .elementor-widget-wrap{justify-content:center;}.elementor-1365 .elementor-element.elementor-element-a6ee894:not(.elementor-motion-effects-element-type-background) > .elementor-widget-wrap, .elementor-1365 .elementor-element.elementor-element-a6ee894 > .elementor-widget-wrap > .elementor-motion-effects-container > .elementor-motion-effects-layer{background-color:#000000;}.elementor-1365 .elementor-element.elementor-element-a6ee894 > .elementor-element-populated{margin:0px 0px 0px 0px;--e-column-margin-right:0px;--e-column-margin-left:0px;padding:0px 0px 0px 0px;}.elementor-1365 .elementor-element.elementor-element-f09f41d .elementor-wrapper{--video-aspect-ratio:1.77777;}:root{--page-title-display:none;}@media(max-width:767px){.elementor-1365 .elementor-element.elementor-element-346e00b .elementor-heading-title{font-size:24px;}.elementor-1365 .elementor-element.elementor-element-346e00b > .elementor-widget-container{margin:10px 0px 0px 0px;}.elementor-1365 .elementor-element.elementor-element-d6f8251 .elementor-heading-title{font-size:24px;}.elementor-1365 .elementor-element.elementor-element-d6f8251 > .elementor-widget-container{margin:0px 20px 0px 20px;}.elementor-1365 .elementor-element.elementor-element-afd7158 > .elementor-widget-container{margin:0px 0px 20px 0px;padding:0px 0px 0px 0px;}}<\/style>\t\t<div data-elementor-type=\"page\" data-elementor-id=\"1365\" class=\"elementor elementor-1365\">\n\t\t\t\t\t\t<section class=\"elementor-section elementor-top-section elementor-element elementor-element-c02608f elementor-section-full_width elementor-section-height-min-height elementor-section-content-top elementor-section-height-default elementor-section-items-middle\" data-id=\"c02608f\" data-element_type=\"section\" data-e-type=\"section\">\n\t\t\t\t\t\t<div class=\"elementor-container elementor-column-gap-no\">\n\t\t\t\t\t<div class=\"elementor-column elementor-col-100 elementor-top-column elementor-element elementor-element-152fa8a\" data-id=\"152fa8a\" data-element_type=\"column\" data-e-type=\"column\">\n\t\t\t<div class=\"elementor-widget-wrap elementor-element-populated\">\n\t\t\t\t\t\t<section class=\"elementor-section elementor-inner-section elementor-element elementor-element-027dce2 elementor-section-full_width elementor-section-height-min-height elementor-section-height-default\" data-id=\"027dce2\" data-element_type=\"section\" data-e-type=\"section\">\n\t\t\t\t\t\t<div class=\"elementor-container elementor-column-gap-no\">\n\t\t\t\t\t<div class=\"elementor-column elementor-col-50 elementor-inner-column elementor-element elementor-element-45054e8\" data-id=\"45054e8\" data-element_type=\"column\" data-e-type=\"column\" data-settings=\"{&quot;background_background&quot;:&quot;classic&quot;}\">\n\t\t\t<div class=\"elementor-widget-wrap elementor-element-populated\">\n\t\t\t\t\t\t<div class=\"elementor-element elementor-element-346e00b elementor-invisible elementor-widget elementor-widget-heading\" data-id=\"346e00b\" data-element_type=\"widget\" data-e-type=\"widget\" data-settings=\"{&quot;_animation&quot;:&quot;fadeInDown&quot;}\" data-widget_type=\"heading.default\">\n\t\t\t\t<div class=\"elementor-widget-container\">\n\t\t\t\t\t<h2 class=\"elementor-heading-title elementor-size-default\">#perfilblonder<\/h2>\t\t\t\t<\/div>\n\t\t\t\t<\/div>\n\t\t\t\t<div class=\"elementor-element elementor-element-d6f8251 elementor-invisible elementor-widget elementor-widget-heading\" data-id=\"d6f8251\" data-element_type=\"widget\" data-e-type=\"widget\" data-settings=\"{&quot;_animation&quot;:&quot;fadeInDown&quot;}\" data-widget_type=\"heading.default\">\n\t\t\t\t<div class=\"elementor-widget-container\">\n\t\t\t\t\t<h2 class=\"elementor-heading-title elementor-size-default\">KERANKAYE Platinum es el tratamiento de Excelencia para la Salud de tu Cabello. Sus tecnolog\u00edas  act\u00faan mejorando eficazmente la estructura de la fibra\ncapilar, nutriendo, reparando, realzando la belleza y suavidad de tu pelo. Un\nverdadero elixir de salud.\n<\/h2>\t\t\t\t<\/div>\n\t\t\t\t<\/div>\n\t\t\t\t<div class=\"elementor-element elementor-element-afd7158 elementor-invisible elementor-widget elementor-widget-image\" data-id=\"afd7158\" data-element_type=\"widget\" data-e-type=\"widget\" data-settings=\"{&quot;_animation&quot;:&quot;fadeInUp&quot;}\" data-widget_type=\"image.default\">\n\t\t\t\t<div class=\"elementor-widget-container\">\n\t\t\t\t\t\t\t\t\t\t\t\t\t\t\t<img decoding=\"async\" src=\"https:\/\/silkeymundial.com\/pro\/wp-content\/uploads\/elementor\/thumbs\/Perfil-Blonder-Completo-x250-pwowk39wl13lft48frt3rk6wtndlppf8vyh68qurcw.jpg\" title=\"Perfil-Blonder-Completo-x250\" alt=\"Perfil-Blonder-Completo-x250\" loading=\"lazy\" \/>\t\t\t\t\t\t\t\t\t\t\t\t\t\t\t<\/div>\n\t\t\t\t<\/div>\n\t\t\t\t\t<\/div>\n\t\t<\/div>\n\t\t\t\t<div class=\"elementor-column elementor-col-50 elementor-inner-column elementor-element elementor-element-a6ee894\" data-id=\"a6ee894\" data-element_type=\"column\" data-e-type=\"column\" data-settings=\"{&quot;background_background&quot;:&quot;classic&quot;}\">\n\t\t\t<div class=\"elementor-widget-wrap elementor-element-populated\">\n\t\t\t\t\t\t<div class=\"elementor-element elementor-element-f09f41d elementor-widget elementor-widget-video\" data-id=\"f09f41d\" data-element_type=\"widget\" data-e-type=\"widget\" data-settings=\"{&quot;youtube_url&quot;:&quot;https:\\\/\\\/www.youtube.com\\\/watch?v=\\\/PuhGs7P4_Rs&quot;,&quot;autoplay&quot;:&quot;yes&quot;,&quot;play_on_mobile&quot;:&quot;yes&quot;,&quot;mute&quot;:&quot;yes&quot;,&quot;loop&quot;:&quot;yes&quot;,&quot;yt_privacy&quot;:&quot;yes&quot;,&quot;video_type&quot;:&quot;youtube&quot;}\" data-widget_type=\"video.default\">\n\t\t\t\t<div class=\"elementor-widget-container\">\n\t\t\t\t\t\t\t<div class=\"elementor-wrapper elementor-open-inline\">\n\t\t\t<div class=\"elementor-video\"><\/div>\t\t<\/div>\n\t\t\t\t\t\t<\/div>\n\t\t\t\t<\/div>\n\t\t\t\t\t<\/div>\n\t\t<\/div>\n\t\t\t\t\t<\/div>\n\t\t<\/section>\n\t\t\t\t\t<\/div>\n\t\t<\/div>\n\t\t\t\t\t<\/div>\n\t\t<\/section>\n\t\t\t\t<\/div>\n\t\t\t\t\t\t\t\t\t<\/div>\n\t\t\t\t\t\t\t\t\t\t\t\t\t<div id=\"section_0f0d4e21\" class=\"premium-vscroll-temp premium-vscroll-temp-0f0d4e2\">\n\t\t\t\t\t\t\t\t<style>.elementor-1366 .elementor-element.elementor-element-c02608f > .elementor-container{min-height:100vh;}.elementor-1366 .elementor-element.elementor-element-c02608f > .elementor-container > .elementor-column > .elementor-widget-wrap{align-content:flex-start;align-items:flex-start;}.elementor-1366 .elementor-element.elementor-element-c02608f{margin-top:0px;margin-bottom:0px;padding:0px 0px 0px 0px;}.elementor-1366 .elementor-element.elementor-element-152fa8a > .elementor-element-populated{margin:0px 0px 0px 0px;--e-column-margin-right:0px;--e-column-margin-left:0px;padding:0px 0px 0px 0px;}.elementor-1366 .elementor-element.elementor-element-027dce2 > .elementor-container{min-height:100vh;}.elementor-1366 .elementor-element.elementor-element-027dce2{margin-top:0px;margin-bottom:0px;padding:0px 0px 0px 0px;}.elementor-bc-flex-widget .elementor-1366 .elementor-element.elementor-element-a6ee894.elementor-column .elementor-widget-wrap{align-items:center;}.elementor-1366 .elementor-element.elementor-element-a6ee894.elementor-column.elementor-element[data-element_type=\"column\"] > .elementor-widget-wrap.elementor-element-populated{align-content:center;align-items:center;}.elementor-1366 .elementor-element.elementor-element-a6ee894:not(.elementor-motion-effects-element-type-background) > .elementor-widget-wrap, .elementor-1366 .elementor-element.elementor-element-a6ee894 > .elementor-widget-wrap > .elementor-motion-effects-container > .elementor-motion-effects-layer{background-color:#FFFFFF;background-image:url(\"https:\/\/silkeymundial.com\/pro\/wp-content\/uploads\/2022\/10\/Perfil-Blonder-Balsamo-1000x1000-1.jpg\");background-position:center right;background-repeat:no-repeat;background-size:cover;}.elementor-1366 .elementor-element.elementor-element-a6ee894 > .elementor-element-populated{transition:background 0.3s, border 0.3s, border-radius 0.3s, box-shadow 0.3s;margin:0px 0px 0px 0px;--e-column-margin-right:0px;--e-column-margin-left:0px;padding:0px 0px 0px 0px;}.elementor-1366 .elementor-element.elementor-element-a6ee894 > .elementor-element-populated > .elementor-background-overlay{transition:background 0.3s, border-radius 0.3s, opacity 0.3s;}.elementor-1366 .elementor-element.elementor-element-2b04817 > .elementor-widget-container{margin:0px 0px 0px 0px;padding:0px 0px 0px 0px;}.elementor-bc-flex-widget .elementor-1366 .elementor-element.elementor-element-45054e8.elementor-column .elementor-widget-wrap{align-items:center;}.elementor-1366 .elementor-element.elementor-element-45054e8.elementor-column.elementor-element[data-element_type=\"column\"] > .elementor-widget-wrap.elementor-element-populated{align-content:center;align-items:center;}.elementor-1366 .elementor-element.elementor-element-45054e8:not(.elementor-motion-effects-element-type-background) > .elementor-widget-wrap, .elementor-1366 .elementor-element.elementor-element-45054e8 > .elementor-widget-wrap > .elementor-motion-effects-container > .elementor-motion-effects-layer{background-color:#000000;}.elementor-1366 .elementor-element.elementor-element-45054e8 > .elementor-element-populated{transition:background 0.3s, border 0.3s, border-radius 0.3s, box-shadow 0.3s;margin:0px 0px 0px 0px;--e-column-margin-right:0px;--e-column-margin-left:0px;padding:0px 0px 0px 0px;}.elementor-1366 .elementor-element.elementor-element-45054e8 > .elementor-element-populated > .elementor-background-overlay{transition:background 0.3s, border-radius 0.3s, opacity 0.3s;}.elementor-1366 .elementor-element.elementor-element-d6f8251{text-align:center;}.elementor-1366 .elementor-element.elementor-element-d6f8251 .elementor-heading-title{font-family:\"Montserrat\", Sans-serif;font-size:26px;font-weight:400;line-height:1.5em;color:#FFFFFF;}.elementor-1366 .elementor-element.elementor-element-d6f8251 > .elementor-widget-container{margin:0px 20px 20px 20px;padding:0px 0px 0px 0px;}:root{--page-title-display:none;}@media(min-width:1025px){.elementor-1366 .elementor-element.elementor-element-a6ee894:not(.elementor-motion-effects-element-type-background) > .elementor-widget-wrap, .elementor-1366 .elementor-element.elementor-element-a6ee894 > .elementor-widget-wrap > .elementor-motion-effects-container > .elementor-motion-effects-layer{background-attachment:scroll;}}@media(max-width:767px){.elementor-1366 .elementor-element.elementor-element-027dce2 > .elementor-container{min-height:100vh;}.elementor-1366 .elementor-element.elementor-element-a6ee894 > .elementor-element-populated{margin:0px 0px 0px 0px;--e-column-margin-right:0px;--e-column-margin-left:0px;}.elementor-1366 .elementor-element.elementor-element-2b04817 > .elementor-widget-container{margin:0px 0px 0px 0px;padding:0px 0px 0px 0px;}.elementor-1366 .elementor-element.elementor-element-d6f8251 .elementor-heading-title{font-size:18px;}.elementor-1366 .elementor-element.elementor-element-d6f8251 > .elementor-widget-container{margin:20px 10px 20px 10px;}}<\/style>\t\t<div data-elementor-type=\"page\" data-elementor-id=\"1366\" class=\"elementor elementor-1366\">\n\t\t\t\t\t\t<section class=\"elementor-section elementor-top-section elementor-element elementor-element-c02608f elementor-section-full_width elementor-section-height-min-height elementor-section-content-top elementor-section-height-default elementor-section-items-middle\" data-id=\"c02608f\" data-element_type=\"section\" data-e-type=\"section\">\n\t\t\t\t\t\t<div class=\"elementor-container elementor-column-gap-no\">\n\t\t\t\t\t<div class=\"elementor-column elementor-col-100 elementor-top-column elementor-element elementor-element-152fa8a\" data-id=\"152fa8a\" data-element_type=\"column\" data-e-type=\"column\">\n\t\t\t<div class=\"elementor-widget-wrap elementor-element-populated\">\n\t\t\t\t\t\t<section class=\"elementor-section elementor-inner-section elementor-element elementor-element-027dce2 elementor-section-full_width elementor-section-height-min-height elementor-reverse-tablet elementor-reverse-mobile elementor-section-height-default\" data-id=\"027dce2\" data-element_type=\"section\" data-e-type=\"section\">\n\t\t\t\t\t\t<div class=\"elementor-container elementor-column-gap-no\">\n\t\t\t\t\t<div class=\"elementor-column elementor-col-50 elementor-inner-column elementor-element elementor-element-a6ee894\" data-id=\"a6ee894\" data-element_type=\"column\" data-e-type=\"column\" data-settings=\"{&quot;background_background&quot;:&quot;classic&quot;}\">\n\t\t\t<div class=\"elementor-widget-wrap elementor-element-populated\">\n\t\t\t\t\t\t<div class=\"elementor-element elementor-element-2b04817 elementor-widget elementor-widget-image\" data-id=\"2b04817\" data-element_type=\"widget\" data-e-type=\"widget\" data-widget_type=\"image.default\">\n\t\t\t\t<div class=\"elementor-widget-container\">\n\t\t\t\t\t\t\t\t\t\t\t\t\t\t\t<img decoding=\"async\" src=\"https:\/\/silkeymundial.com\/pro\/wp-content\/uploads\/elementor\/thumbs\/pix_nada_500-pwed5kd3mtc80b10z8lcmlf4u2i9yo4ethq8pjgdv0.png\" title=\"pix_nada_500\" alt=\"pix_nada_500\" loading=\"lazy\" \/>\t\t\t\t\t\t\t\t\t\t\t\t\t\t\t<\/div>\n\t\t\t\t<\/div>\n\t\t\t\t\t<\/div>\n\t\t<\/div>\n\t\t\t\t<div class=\"elementor-column elementor-col-50 elementor-inner-column elementor-element elementor-element-45054e8\" data-id=\"45054e8\" data-element_type=\"column\" data-e-type=\"column\" data-settings=\"{&quot;background_background&quot;:&quot;classic&quot;}\">\n\t\t\t<div class=\"elementor-widget-wrap elementor-element-populated\">\n\t\t\t\t\t\t<div class=\"elementor-element elementor-element-d6f8251 elementor-invisible elementor-widget elementor-widget-heading\" data-id=\"d6f8251\" data-element_type=\"widget\" data-e-type=\"widget\" data-settings=\"{&quot;_animation&quot;:&quot;fadeInDown&quot;}\" data-widget_type=\"heading.default\">\n\t\t\t\t<div class=\"elementor-widget-container\">\n\t\t\t\t\t<h2 class=\"elementor-heading-title elementor-size-default\"><b>KERANKAYE PLATINUM<i> Blonder<\/i> <\/b>est\u00e1 formulado con un pigmento violeta-azulado que corrige y neutraliza reflejos amarillos no deseados. Su f\u00f3rmula con <b>Extracto de Blueberry<\/b> mejora la fijaci\u00f3n del pigmento sobre la fibra capilar haci\u00e9ndolo m\u00e1s resistente a los lavados.<br>\nDe acuerdo a la intensidad del reflejo amarillo a neutralizar seleccion\u00e1 el producto y la combinaci\u00f3n adecuada:<br>Matiz Ligero: Shampoo 1 <br>Matiz Medio: B\u00e1lsamo 2 \n<br>Matiz Intenso: Shampoo 1+ B\u00e1lsamo 2<\/h2>\t\t\t\t<\/div>\n\t\t\t\t<\/div>\n\t\t\t\t\t<\/div>\n\t\t<\/div>\n\t\t\t\t\t<\/div>\n\t\t<\/section>\n\t\t\t\t\t<\/div>\n\t\t<\/div>\n\t\t\t\t\t<\/div>\n\t\t<\/section>\n\t\t\t\t<\/div>\n\t\t\t\t\t\t\t\t\t<\/div>\n\t\t\t\t\t\t\t\t\t\t\t<\/div>\n\t\t\t\t\t\t\t<\/div>\n\t\t<\/div>\n\n\t\t\t\t\t\t<\/div>\n\t\t\t\t<\/div>\n\t\t\t\t\t<\/div>\n\t\t<\/div>\n\t\t\t\t\t<\/div>\n\t\t<\/section>\n\t\t\t\t<\/div>\n\t\t","protected":false},"excerpt":{"rendered":"<p>#perfilblonder KERANKAYE Platinum es el tratamiento de Excelencia para la Salud de tu Cabello. Sus tecnolog\u00edas que act\u00faan mejorando eficazmente&#8230;<\/p>\n","protected":false},"author":1,"featured_media":0,"parent":0,"menu_order":0,"comment_status":"closed","ping_status":"closed","template":"elementor_header_footer","meta":{"footnotes":""},"class_list":["post-1364","page","type-page","status-publish","hentry"],"post-meta":{"_elementor_edit_mode":["builder","builder","builder","builder","builder","builder","builder","builder"],"_elementor_template_type":["wp-page","wp-page","wp-page","wp-page","wp-page","wp-page","wp-page","wp-page"],"_edit_lock":["1670339056:1"],"_wp_page_template":["elementor_header_footer"],"_edit_last":["1"],"site-container":["default"],"site-header-transparent":["default"],"site-page-header":["default"],"site-sidebar":["default"],"_elementor_version":["3.8.1"],"_elementor_data":["[{\"id\":\"d839e24\",\"elType\":\"section\",\"settings\":{\"layout\":\"full_width\",\"gap\":\"no\",\"height\":\"min-height\",\"custom_height\":{\"unit\":\"vh\",\"size\":100,\"sizes\":[]},\"custom_height_tablet\":{\"unit\":\"vh\",\"size\":\"\",\"sizes\":[]},\"custom_height_mobile\":{\"unit\":\"vh\",\"size\":\"\",\"sizes\":[]},\"pa_condition_repeater\":[]},\"elements\":[{\"id\":\"600911e\",\"elType\":\"column\",\"settings\":{\"_column_size\":100,\"_inline_size\":null,\"margin\":{\"unit\":\"px\",\"top\":\"0\",\"right\":\"0\",\"bottom\":\"0\",\"left\":\"0\",\"isLinked\":false},\"padding\":{\"unit\":\"px\",\"top\":\"0\",\"right\":\"0\",\"bottom\":\"0\",\"left\":\"0\",\"isLinked\":false},\"pa_condition_repeater\":[]},\"elements\":[{\"id\":\"0f0d4e2\",\"elType\":\"widget\",\"settings\":{\"section_repeater\":[{\"_id\":\"58ae21f\",\"section_template\":\"Kerankaye PLATINUM-01 (perfil Blonder)\"},{\"_id\":\"028a52e\",\"section_template\":\"Kerankaye PLATINUM-02 (perfil Blonder)\"}],\"id_repeater\":[],\"nav_menu_repeater\":[],\"pa_condition_repeater\":[],\"dots_tooltips_switcher\":\"\",\"dots_border_color\":\"#FFFFFF\",\"dots_border_radius\":{\"unit\":\"px\",\"top\":\"15\",\"right\":\"15\",\"bottom\":\"15\",\"left\":\"15\",\"isLinked\":true},\"__globals__\":{\"dots_color\":\"globals\\\/colors?id=primary\",\"active_dot_color\":\"globals\\\/colors?id=text\",\"navigation_background\":\"\",\"dots_border_color\":\"\"},\"active_dot_color\":\"#000000\",\"navigation_border_radius\":{\"unit\":\"px\",\"size\":0,\"sizes\":[]}},\"elements\":[],\"widgetType\":\"premium-vscroll\"}],\"isInner\":false}],\"isInner\":false}]"],"_elementor_page_settings":["a:2:{s:21:\"background_background\";s:7:\"classic\";s:11:\"__globals__\";a:1:{s:16:\"background_color\";s:0:\"\";}}"],"_pa_widget_elements":["a:1:{i:0;s:15:\"premium-vscroll\";}"],"_elementor_page_assets":["a:2:{s:6:\"styles\";a:1:{i:0;s:14:\"premium-addons\";}s:7:\"scripts\";a:4:{i:0;s:10:\"pa-iscroll\";i:1;s:13:\"pa-slimscroll\";i:2;s:10:\"pa-vscroll\";i:3;s:18:\"elementor-frontend\";}}"],"_elementor_css":["a:6:{s:4:\"time\";i:1775991445;s:5:\"fonts\";a:0:{}s:5:\"icons\";a:0:{}s:20:\"dynamic_elements_ids\";a:0:{}s:6:\"status\";s:4:\"file\";i:0;s:0:\"\";}"],"_elementor_element_cache":["{\"timeout\":1776067045,\"value\":{\"content\":\"\\t\\t<section class=\\\"elementor-section elementor-top-section elementor-element elementor-element-d839e24 elementor-section-full_width elementor-section-height-min-height elementor-section-height-default elementor-section-items-middle\\\" data-id=\\\"d839e24\\\" data-element_type=\\\"section\\\" data-e-type=\\\"section\\\">\\n\\t\\t\\t\\t\\t\\t<div class=\\\"elementor-container elementor-column-gap-no\\\">\\n\\t\\t\\t\\t\\t<div class=\\\"elementor-column elementor-col-100 elementor-top-column elementor-element elementor-element-600911e\\\" data-id=\\\"600911e\\\" data-element_type=\\\"column\\\" data-e-type=\\\"column\\\">\\n\\t\\t\\t<div class=\\\"elementor-widget-wrap elementor-element-populated\\\">\\n\\t\\t\\t\\t[elementor-element k=\\\"275a8f75f720364520ee6fa3a517689f\\\" data=\\\"eyJpZCI6IjBmMGQ0ZTIiLCJlbFR5cGUiOiJ3aWRnZXQiLCJzZXR0aW5ncyI6eyJzZWN0aW9uX3JlcGVhdGVyIjpbeyJfaWQiOiI1OGFlMjFmIiwic2VjdGlvbl90ZW1wbGF0ZSI6IktlcmFua2F5ZSBQTEFUSU5VTS0wMSAocGVyZmlsIEJsb25kZXIpIn0seyJfaWQiOiIwMjhhNTJlIiwic2VjdGlvbl90ZW1wbGF0ZSI6IktlcmFua2F5ZSBQTEFUSU5VTS0wMiAocGVyZmlsIEJsb25kZXIpIn1dLCJpZF9yZXBlYXRlciI6W10sIm5hdl9tZW51X3JlcGVhdGVyIjpbXSwicGFfY29uZGl0aW9uX3JlcGVhdGVyIjpbXSwiZG90c190b29sdGlwc19zd2l0Y2hlciI6IiIsImRvdHNfYm9yZGVyX2NvbG9yIjoiI0ZGRkZGRiIsImRvdHNfYm9yZGVyX3JhZGl1cyI6eyJ1bml0IjoicHgiLCJ0b3AiOiIxNSIsInJpZ2h0IjoiMTUiLCJib3R0b20iOiIxNSIsImxlZnQiOiIxNSIsImlzTGlua2VkIjp0cnVlfSwiX19nbG9iYWxzX18iOnsiZG90c19jb2xvciI6Imdsb2JhbHNcL2NvbG9ycz9pZD1wcmltYXJ5IiwiYWN0aXZlX2RvdF9jb2xvciI6Imdsb2JhbHNcL2NvbG9ycz9pZD10ZXh0IiwibmF2aWdhdGlvbl9iYWNrZ3JvdW5kIjoiIiwiZG90c19ib3JkZXJfY29sb3IiOiIifSwiYWN0aXZlX2RvdF9jb2xvciI6IiMwMDAwMDAiLCJuYXZpZ2F0aW9uX2JvcmRlcl9yYWRpdXMiOnsidW5pdCI6InB4Iiwic2l6ZSI6MCwic2l6ZXMiOltdfX0sImVsZW1lbnRzIjpbXSwid2lkZ2V0VHlwZSI6InByZW1pdW0tdnNjcm9sbCJ9\\\"]\\t\\t\\t<\\\/div>\\n\\t\\t<\\\/div>\\n\\t\\t\\t\\t\\t<\\\/div>\\n\\t\\t<\\\/section>\\n\\t\\t\",\"scripts\":[],\"styles\":[]}}"]},"_links":{"self":[{"href":"https:\/\/silkeymundial.com\/pro\/wp-json\/wp\/v2\/pages\/1364","targetHints":{"allow":["GET"]}}],"collection":[{"href":"https:\/\/silkeymundial.com\/pro\/wp-json\/wp\/v2\/pages"}],"about":[{"href":"https:\/\/silkeymundial.com\/pro\/wp-json\/wp\/v2\/types\/page"}],"author":[{"embeddable":true,"href":"https:\/\/silkeymundial.com\/pro\/wp-json\/wp\/v2\/users\/1"}],"replies":[{"embeddable":true,"href":"https:\/\/silkeymundial.com\/pro\/wp-json\/wp\/v2\/comments?post=1364"}],"version-history":[{"count":10,"href":"https:\/\/silkeymundial.com\/pro\/wp-json\/wp\/v2\/pages\/1364\/revisions"}],"predecessor-version":[{"id":2179,"href":"https:\/\/silkeymundial.com\/pro\/wp-json\/wp\/v2\/pages\/1364\/revisions\/2179"}],"wp:attachment":[{"href":"https:\/\/silkeymundial.com\/pro\/wp-json\/wp\/v2\/media?parent=1364"}],"curies":[{"name":"wp","href":"https:\/\/api.w.org\/{rel}","templated":true}]}}