{"id":48285,"date":"2025-05-23T10:39:29","date_gmt":"2025-05-23T13:39:29","guid":{"rendered":"https:\/\/silkeymundial.com\/home\/?page_id=48285"},"modified":"2025-06-24T16:46:43","modified_gmt":"2025-06-24T19:46:43","slug":"desfile-silkey-2025","status":"publish","type":"page","link":"https:\/\/silkeymundial.com\/home\/desfile-silkey-2025\/","title":{"rendered":"Invitaciones Desfile Silkey 2025"},"content":{"rendered":"\t\t<div data-elementor-type=\"wp-page\" data-elementor-id=\"48285\" class=\"elementor elementor-48285\">\n\t\t\t\t\t\t<section class=\"elementor-section elementor-top-section elementor-element elementor-element-fb6f161 elementor-section-full_width elementor-section-height-default elementor-section-height-default\" data-id=\"fb6f161\" data-element_type=\"section\" data-e-type=\"section\">\n\t\t\t\t\t\t<div class=\"elementor-container elementor-column-gap-no\">\n\t\t\t\t\t<div class=\"elementor-column elementor-col-100 elementor-top-column elementor-element elementor-element-f892acf\" data-id=\"f892acf\" data-element_type=\"column\" data-e-type=\"column\">\n\t\t\t<div class=\"elementor-widget-wrap elementor-element-populated\">\n\t\t\t\t\t\t<div class=\"elementor-element elementor-element-2d827c3 elementor-hidden-mobile elementor-invisible elementor-widget elementor-widget-image\" data-id=\"2d827c3\" data-element_type=\"widget\" data-e-type=\"widget\" data-settings=\"{&quot;_animation&quot;:&quot;fadeIn&quot;}\" data-widget_type=\"image.default\">\n\t\t\t\t<div class=\"elementor-widget-container\">\n\t\t\t\t\t\t\t\t\t\t\t\t\t\t\t<img fetchpriority=\"high\" decoding=\"async\" width=\"1920\" height=\"400\" src=\"https:\/\/silkeymundial.com\/home\/wp-content\/uploads\/2025\/05\/Web-Desfiles-2025-1920x400_v2.jpg\" class=\"attachment-full size-full wp-image-48449\" alt=\"\" srcset=\"https:\/\/silkeymundial.com\/home\/wp-content\/uploads\/2025\/05\/Web-Desfiles-2025-1920x400_v2.jpg 1920w, https:\/\/silkeymundial.com\/home\/wp-content\/uploads\/2025\/05\/Web-Desfiles-2025-1920x400_v2-300x63.jpg 300w, https:\/\/silkeymundial.com\/home\/wp-content\/uploads\/2025\/05\/Web-Desfiles-2025-1920x400_v2-1024x213.jpg 1024w, https:\/\/silkeymundial.com\/home\/wp-content\/uploads\/2025\/05\/Web-Desfiles-2025-1920x400_v2-768x160.jpg 768w, https:\/\/silkeymundial.com\/home\/wp-content\/uploads\/2025\/05\/Web-Desfiles-2025-1920x400_v2-1536x320.jpg 1536w\" sizes=\"(max-width: 1920px) 100vw, 1920px\" \/>\t\t\t\t\t\t\t\t\t\t\t\t\t\t\t<\/div>\n\t\t\t\t<\/div>\n\t\t\t\t<div class=\"elementor-element elementor-element-e8e168c elementor-hidden-desktop elementor-hidden-tablet elementor-widget elementor-widget-image\" data-id=\"e8e168c\" data-element_type=\"widget\" data-e-type=\"widget\" data-widget_type=\"image.default\">\n\t\t\t\t<div class=\"elementor-widget-container\">\n\t\t\t\t\t\t\t\t\t\t\t\t\t\t\t<img decoding=\"async\" width=\"800\" height=\"400\" src=\"https:\/\/silkeymundial.com\/home\/wp-content\/uploads\/2025\/05\/Web-Desfiles-2025-800x400-1.jpg\" class=\"attachment-large size-large wp-image-48384\" alt=\"\" srcset=\"https:\/\/silkeymundial.com\/home\/wp-content\/uploads\/2025\/05\/Web-Desfiles-2025-800x400-1.jpg 800w, https:\/\/silkeymundial.com\/home\/wp-content\/uploads\/2025\/05\/Web-Desfiles-2025-800x400-1-300x150.jpg 300w, https:\/\/silkeymundial.com\/home\/wp-content\/uploads\/2025\/05\/Web-Desfiles-2025-800x400-1-768x384.jpg 768w\" sizes=\"(max-width: 800px) 100vw, 800px\" \/>\t\t\t\t\t\t\t\t\t\t\t\t\t\t\t<\/div>\n\t\t\t\t<\/div>\n\t\t\t\t\t<\/div>\n\t\t<\/div>\n\t\t\t\t\t<\/div>\n\t\t<\/section>\n\t\t\t\t<section class=\"elementor-section elementor-top-section elementor-element elementor-element-89276ed elementor-section-boxed elementor-section-height-default elementor-section-height-default\" data-id=\"89276ed\" data-element_type=\"section\" data-e-type=\"section\">\n\t\t\t\t\t\t<div class=\"elementor-container elementor-column-gap-no\">\n\t\t\t\t\t<div class=\"elementor-column elementor-col-100 elementor-top-column elementor-element elementor-element-e5f384f\" data-id=\"e5f384f\" data-element_type=\"column\" data-e-type=\"column\">\n\t\t\t<div class=\"elementor-widget-wrap elementor-element-populated\">\n\t\t\t\t\t\t<div class=\"elementor-element elementor-element-af678ec elementor-widget elementor-widget-heading\" data-id=\"af678ec\" data-element_type=\"widget\" data-e-type=\"widget\" data-widget_type=\"heading.default\">\n\t\t\t\t<div class=\"elementor-widget-container\">\n\t\t\t\t\t<h2 class=\"elementor-heading-title elementor-size-default\">Sal\u00f3n Internacional <b>Moda &amp; Coiffure 2025<\/b><\/h2>\t\t\t\t<\/div>\n\t\t\t\t<\/div>\n\t\t\t\t<div class=\"elementor-element elementor-element-2461149 elementor-widget elementor-widget-text-editor\" data-id=\"2461149\" data-element_type=\"widget\" data-e-type=\"widget\" data-widget_type=\"text-editor.default\">\n\t\t\t\t<div class=\"elementor-widget-container\">\n\t\t\t\t\t\t\t\t\t<p style=\"text-align: center;\"><strong>S\u00e1bado 28, domingo 29 y lunes 30 de Junio, 19 hs.<\/strong><br \/><strong>Desfile, Dise\u00f1o, Vanguardia, Alta Costura, Colecciones, Ropa Urbana.<\/strong><br \/>En el Hotel Hilton de Buenos Aires, Blvd. Macacha G\u00fcemes 351.<\/p>\t\t\t\t\t\t\t\t<\/div>\n\t\t\t\t<\/div>\n\t\t\t\t<div class=\"elementor-element elementor-element-869a575 elementor-widget elementor-widget-heading\" data-id=\"869a575\" data-element_type=\"widget\" data-e-type=\"widget\" data-widget_type=\"heading.default\">\n\t\t\t\t<div class=\"elementor-widget-container\">\n\t\t\t\t\t<h2 class=\"elementor-heading-title elementor-size-default\">Descarg\u00e1 tu Invitaci\u00f3n <i class=\"fa fa-ticket\" aria-hidden=\"true\"><\/i><\/h2>\t\t\t\t<\/div>\n\t\t\t\t<\/div>\n\t\t\t\t<div class=\"elementor-element elementor-element-18549a8 elementor-widget elementor-widget-heading\" data-id=\"18549a8\" data-element_type=\"widget\" data-e-type=\"widget\" data-widget_type=\"heading.default\">\n\t\t\t\t<div class=\"elementor-widget-container\">\n\t\t\t\t\t<h2 class=\"elementor-heading-title elementor-size-default\">V\u00e1lida para 2 personas.<\/h2>\t\t\t\t<\/div>\n\t\t\t\t<\/div>\n\t\t\t\t<div class=\"elementor-element elementor-element-4ee9850 elementor-widget elementor-widget-heading\" data-id=\"4ee9850\" data-element_type=\"widget\" data-e-type=\"widget\" data-widget_type=\"heading.default\">\n\t\t\t\t<div class=\"elementor-widget-container\">\n\t\t\t\t\t<h2 class=\"elementor-heading-title elementor-size-default\">Seleccion\u00e1 la Fecha:<\/h2>\t\t\t\t<\/div>\n\t\t\t\t<\/div>\n\t\t\t\t\t<\/div>\n\t\t<\/div>\n\t\t\t\t\t<\/div>\n\t\t<\/section>\n\t\t\t\t<section class=\"elementor-section elementor-top-section elementor-element elementor-element-651f5b00 elementor-section-boxed elementor-section-height-default elementor-section-height-default\" data-id=\"651f5b00\" data-element_type=\"section\" data-e-type=\"section\">\n\t\t\t\t\t\t<div class=\"elementor-container elementor-column-gap-no\">\n\t\t\t\t\t<div class=\"elementor-column elementor-col-33 elementor-top-column elementor-element elementor-element-6865bd6f\" data-id=\"6865bd6f\" data-element_type=\"column\" data-e-type=\"column\">\n\t\t\t<div class=\"elementor-widget-wrap elementor-element-populated\">\n\t\t\t\t\t\t<div class=\"elementor-element elementor-element-25d1a3ed elementor-widget elementor-widget-image\" data-id=\"25d1a3ed\" data-element_type=\"widget\" data-e-type=\"widget\" data-widget_type=\"image.default\">\n\t\t\t\t<div class=\"elementor-widget-container\">\n\t\t\t\t\t\t\t\t\t\t\t\t\t\t\t<img decoding=\"async\" width=\"300\" height=\"196\" src=\"https:\/\/silkeymundial.com\/home\/wp-content\/uploads\/2025\/05\/btn_28-06-AGOTADO.png\" class=\"attachment-large size-large wp-image-48387\" alt=\"\" \/>\t\t\t\t\t\t\t\t\t\t\t\t\t\t\t<\/div>\n\t\t\t\t<\/div>\n\t\t\t\t\t<\/div>\n\t\t<\/div>\n\t\t\t\t<div class=\"elementor-column elementor-col-33 elementor-top-column elementor-element elementor-element-f26daf5\" data-id=\"f26daf5\" data-element_type=\"column\" data-e-type=\"column\">\n\t\t\t<div class=\"elementor-widget-wrap elementor-element-populated\">\n\t\t\t\t\t\t<div class=\"elementor-element elementor-element-3465d98 elementor-widget elementor-widget-image\" data-id=\"3465d98\" data-element_type=\"widget\" data-e-type=\"widget\" data-settings=\"{&quot;_animation&quot;:&quot;none&quot;}\" data-widget_type=\"image.default\">\n\t\t\t\t<div class=\"elementor-widget-container\">\n\t\t\t\t\t\t\t\t\t\t\t\t\t\t\t<img loading=\"lazy\" decoding=\"async\" width=\"300\" height=\"196\" src=\"https:\/\/silkeymundial.com\/home\/wp-content\/uploads\/2025\/05\/btn_29-06-AGOTADO.png\" class=\"attachment-large size-large wp-image-48389\" alt=\"\" \/>\t\t\t\t\t\t\t\t\t\t\t\t\t\t\t<\/div>\n\t\t\t\t<\/div>\n\t\t\t\t\t<\/div>\n\t\t<\/div>\n\t\t\t\t<div class=\"elementor-column elementor-col-33 elementor-top-column elementor-element elementor-element-d7dba0a\" data-id=\"d7dba0a\" data-element_type=\"column\" data-e-type=\"column\">\n\t\t\t<div class=\"elementor-widget-wrap elementor-element-populated\">\n\t\t\t\t\t\t<div class=\"elementor-element elementor-element-967f0aa elementor-widget elementor-widget-image\" data-id=\"967f0aa\" data-element_type=\"widget\" data-e-type=\"widget\" data-settings=\"{&quot;_animation&quot;:&quot;none&quot;}\" data-widget_type=\"image.default\">\n\t\t\t\t<div class=\"elementor-widget-container\">\n\t\t\t\t\t\t\t\t\t\t\t\t\t\t\t<img loading=\"lazy\" decoding=\"async\" width=\"300\" height=\"196\" src=\"https:\/\/silkeymundial.com\/home\/wp-content\/uploads\/2025\/05\/btn_30-06-AGOTADO.png\" class=\"attachment-large size-large wp-image-48392\" alt=\"\" \/>\t\t\t\t\t\t\t\t\t\t\t\t\t\t\t<\/div>\n\t\t\t\t<\/div>\n\t\t\t\t\t<\/div>\n\t\t<\/div>\n\t\t\t\t\t<\/div>\n\t\t<\/section>\n\t\t\t\t<section class=\"elementor-section elementor-top-section elementor-element elementor-element-35684f4 elementor-section-boxed elementor-section-height-default elementor-section-height-default\" data-id=\"35684f4\" data-element_type=\"section\" data-e-type=\"section\">\n\t\t\t\t\t\t<div class=\"elementor-container elementor-column-gap-default\">\n\t\t\t\t\t<div class=\"elementor-column elementor-col-100 elementor-top-column elementor-element elementor-element-ae53dd9\" data-id=\"ae53dd9\" data-element_type=\"column\" data-e-type=\"column\">\n\t\t\t<div class=\"elementor-widget-wrap elementor-element-populated\">\n\t\t\t\t\t\t<div class=\"elementor-element elementor-element-dfe3a17 elementor-widget elementor-widget-heading\" data-id=\"dfe3a17\" data-element_type=\"widget\" data-e-type=\"widget\" data-settings=\"{&quot;_animation&quot;:&quot;none&quot;}\" data-widget_type=\"heading.default\">\n\t\t\t\t<div class=\"elementor-widget-container\">\n\t\t\t\t\t<h2 class=\"elementor-heading-title elementor-size-default\">Los desfiles del <b>Sal\u00f3n Internacional Moda &amp; Coiffure 2025 son de entrada LIBRE Y GRATUITA.<\/b><br>\nDescarg\u00e1 tus invitaciones a los desfiles haciendo click en cada una de las fechas.<br><br>\n<i class=\"fa fa-exclamation-triangle\" aria-hidden=\"true\"><\/i><b>&nbsp;&nbsp;IMPORTANTE:<\/b> El ingreso se realizar\u00e1 por orden de llegada con un cupo limitado de hasta 1800 personas. <\/h2>\t\t\t\t<\/div>\n\t\t\t\t<\/div>\n\t\t\t\t\t<\/div>\n\t\t<\/div>\n\t\t\t\t\t<\/div>\n\t\t<\/section>\n\t\t\t\t<\/div>\n\t\t","protected":false},"excerpt":{"rendered":"<p>Sal\u00f3n Internacional Moda &amp; Coiffure 2025 S\u00e1bado 28, domingo 29 y lunes 30 de Junio, 19 hs.Desfile, Dise\u00f1o, Vanguardia, Alta Costura, Colecciones, Ropa Urbana.En el Hotel Hilton de Buenos Aires, Blvd. Macacha G\u00fcemes 351. Descarg\u00e1 tu Invitaci\u00f3n V\u00e1lida para 2 personas. Seleccion\u00e1 la Fecha: Los desfiles del Sal\u00f3n Internacional Moda &amp; Coiffure 2025 son de [&hellip;]<\/p>\n","protected":false},"author":1,"featured_media":0,"parent":0,"menu_order":0,"comment_status":"closed","ping_status":"closed","template":"elementor_header_footer","meta":{"footnotes":""},"class_list":["post-48285","page","type-page","status-publish","hentry"],"_links":{"self":[{"href":"https:\/\/silkeymundial.com\/home\/wp-json\/wp\/v2\/pages\/48285","targetHints":{"allow":["GET"]}}],"collection":[{"href":"https:\/\/silkeymundial.com\/home\/wp-json\/wp\/v2\/pages"}],"about":[{"href":"https:\/\/silkeymundial.com\/home\/wp-json\/wp\/v2\/types\/page"}],"author":[{"embeddable":true,"href":"https:\/\/silkeymundial.com\/home\/wp-json\/wp\/v2\/users\/1"}],"replies":[{"embeddable":true,"href":"https:\/\/silkeymundial.com\/home\/wp-json\/wp\/v2\/comments?post=48285"}],"version-history":[{"count":49,"href":"https:\/\/silkeymundial.com\/home\/wp-json\/wp\/v2\/pages\/48285\/revisions"}],"predecessor-version":[{"id":48585,"href":"https:\/\/silkeymundial.com\/home\/wp-json\/wp\/v2\/pages\/48285\/revisions\/48585"}],"wp:attachment":[{"href":"https:\/\/silkeymundial.com\/home\/wp-json\/wp\/v2\/media?parent=48285"}],"curies":[{"name":"wp","href":"https:\/\/api.w.org\/{rel}","templated":true}]}}